{"id":3050,"date":"2018-11-16T20:16:26","date_gmt":"2018-11-16T20:16:26","guid":{"rendered":"http:\/\/activevision.com.mx\/?page_id=3050"},"modified":"2021-02-11T16:09:23","modified_gmt":"2021-02-11T22:09:23","slug":"acerca-sobre-contoura","status":"publish","type":"page","link":"https:\/\/activevision.com.mx\/index.php\/acerca-sobre-contoura\/","title":{"rendered":"Acerca sobre Contoura"},"content":{"rendered":"<p>[et_pb_section bb_built=\u00bb1&#8243; _builder_version=\u00bb3.0.106&#8243; use_background_color_gradient=\u00bbon\u00bb background_color_gradient_start=\u00bbrgba(16,19,56,0.67)\u00bb background_color_gradient_end=\u00bbrgba(0,41,68,0.82)\u00bb background_color_gradient_type=\u00bbradial\u00bb background_color_gradient_direction_radial=\u00bbtop\u00bb background_color_gradient_start_position=\u00bb69%\u00bb background_color_gradient_overlays_image=\u00bbon\u00bb background_image=\u00bbhttp:\/\/activevision.com.mx\/wp-content\/uploads\/2018\/08\/shutterstock_261237686-1.jpg\u00bb custom_padding=\u00bb152px|0px|199px|0px\u00bb bottom_divider_style=\u00bbcurve\u00bb bottom_divider_color=\u00bb#ffffff\u00bb bottom_divider_height=\u00bb140px\u00bb next_background_color=\u00bb#000000&#8243;][et_pb_row _builder_version=\u00bb3.0.106&#8243;][et_pb_column type=\u00bb4_4&#8243;][et_pb_text _builder_version=\u00bb3.0.106&#8243; text_font=\u00bbOpen Sans||||||||\u00bb text_font_size=\u00bb14pt\u00bb text_text_color=\u00bb#ffffff\u00bb header_font=\u00bb||||||||\u00bb header_2_font=\u00bbCabin|700|||||||\u00bb header_2_text_align=\u00bbcenter\u00bb header_2_font_size=\u00bb34pt\u00bb header_2_text_color=\u00bb#ffffff\u00bb max_width=\u00bb700px\u00bb module_alignment=\u00bbcenter\u00bb]<\/p>\n<h2>Contoura Vision<span style=\"color: #ff6e14;\">.<\/span><\/h2>\n<p style=\"text-align: center;\">Contoura Vision es un tratamiento Lasik, el primero en su tipo,  guiado por topograf\u00eda para pacientes con miop\u00eda, hipermetrop\u00eda con o sin astigmatismo. Contoura Vision ofrece la posibilidad de mirar la vida a trav\u00e9s de una lente diferente.<\/p>\n<p>[\/et_pb_text][\/et_pb_column][\/et_pb_row][\/et_pb_section][et_pb_section bb_built=\u00bb1&#8243; _builder_version=\u00bb3.0.47&#8243; prev_background_color=\u00bb#000000&#8243; next_background_color=\u00bb#e8f6ff\u00bb][et_pb_row custom_padding=\u00bb100px||100px|\u00bb make_equal=\u00bbon\u00bb module_class=\u00bbcenter_items\u00bb _builder_version=\u00bb3.0.106&#8243; background_size=\u00bbinitial\u00bb background_position=\u00bbtop_left\u00bb background_repeat=\u00bbrepeat\u00bb][et_pb_column type=\u00bb1_2&#8243;][et_pb_text _builder_version=\u00bb3.0.106&#8243; text_font=\u00bbOpen Sans||||||||\u00bb text_font_size=\u00bb13pt\u00bb text_text_color=\u00bb#333333&#8243; header_font=\u00bb||||||||\u00bb header_2_font=\u00bbCabin|700|||||||\u00bb header_2_font_size=\u00bb24pt\u00bb header_2_text_color=\u00bb#0c0c0c\u00bb max_width=\u00bb700px\u00bb module_alignment=\u00bbcenter\u00bb]<\/p>\n<h2>Acerca de la cirug\u00eda LASIK<span style=\"color: #ff6e14;\">.<\/span><\/h2>\n<p>Lasik es un procedimiento que utiliza un l\u00e1ser para corregir la miop\u00eda, la hipermetrop\u00eda y\/o astigmatismo. Los cirujanos oftalm\u00f3logos  utilizan  una herramienta quir\u00fargica o l\u00e1ser para crear un colgajo circular muy delgado en la c\u00f3rnea que nos permite trabajar sobre la c\u00f3rnea y eliminar el  tejido corneal con el l\u00e1ser.<\/p>\n<p>[\/et_pb_text][\/et_pb_column][et_pb_column type=\u00bb1_2&#8243;][et_pb_image src=\u00bbhttp:\/\/activevision.com.mx\/wp-content\/uploads\/2018\/11\/shutterstock_1048748747.jpg\u00bb _builder_version=\u00bb3.0.106&#8243; border_radii=\u00bbon|4px|4px|4px|4px\u00bb \/][\/et_pb_column][\/et_pb_row][et_pb_row custom_padding=\u00bb100px||100px|\u00bb make_equal=\u00bbon\u00bb module_class=\u00bbcenter_items\u00bb _builder_version=\u00bb3.0.106&#8243; background_size=\u00bbinitial\u00bb background_position=\u00bbtop_left\u00bb background_repeat=\u00bbrepeat\u00bb][et_pb_column type=\u00bb1_2&#8243;][et_pb_text _builder_version=\u00bb3.0.106&#8243; text_font=\u00bbOpen Sans||||||||\u00bb text_font_size=\u00bb13pt\u00bb text_text_color=\u00bb#333333&#8243; header_font=\u00bb||||||||\u00bb header_2_font=\u00bbCabin|700|||||||\u00bb header_2_font_size=\u00bb24pt\u00bb header_2_text_color=\u00bb#0c0c0c\u00bb max_width=\u00bb700px\u00bb module_alignment=\u00bbcenter\u00bb]<\/p>\n<h2>Acerca de Contoura Vision<span style=\"color: #ff6e14;\">.<\/span><\/h2>\n<p style=\"text-align: left;\">Contoura Vision es un procedimiento LASIK personalizado guiado por topograf\u00edas \u00fanicas de la c\u00f3rnea de cada ojo.<\/p>\n<p>Antes del procedimiento LASIK, se toman entre cuatro y ocho mapas topogr\u00e1ficos personalizados de cada ojo y se suman para producir un modelo de acuerdo a las necesidades de cada paciente.<\/p>\n<p>[\/et_pb_text][\/et_pb_column][et_pb_column type=\u00bb1_2&#8243;][et_pb_image src=\u00bbhttp:\/\/activevision.com.mx\/wp-content\/uploads\/2018\/11\/Material_final_Contoura-copia.jpg\u00bb _builder_version=\u00bb3.0.106&#8243; border_radii=\u00bbon|4px|4px|4px|4px\u00bb \/][\/et_pb_column][\/et_pb_row][et_pb_row custom_padding=\u00bb0|0px|0|0px\u00bb _builder_version=\u00bb3.0.47&#8243; background_size=\u00bbinitial\u00bb background_position=\u00bbtop_left\u00bb background_repeat=\u00bbrepeat\u00bb][et_pb_column type=\u00bb4_4&#8243;][et_pb_divider color=\u00bb#e0e0e0&#8243; show_divider=\u00bbon\u00bb divider_weight=\u00bb1px\u00bb height=\u00bb50px\u00bb _builder_version=\u00bb3.0.106&#8243; custom_margin=\u00bb|||\u00bb custom_padding=\u00bb50px|||\u00bb \/][\/et_pb_column][\/et_pb_row][et_pb_row _builder_version=\u00bb3.0.106&#8243;][et_pb_column type=\u00bb4_4&#8243;][et_pb_text _builder_version=\u00bb3.0.106&#8243; text_font=\u00bbOpen Sans||||||||\u00bb text_font_size=\u00bb13pt\u00bb text_text_color=\u00bb#333333&#8243; header_font=\u00bb||||||||\u00bb header_2_font=\u00bbCabin|700|||||||\u00bb header_2_font_size=\u00bb24pt\u00bb header_2_text_color=\u00bb#0c0c0c\u00bb max_width=\u00bb700px\u00bb module_alignment=\u00bbcenter\u00bb]<\/p>\n<h2 style=\"text-align: center;\">\u00bfC\u00f3mo funciona?<\/h2>\n<p>[\/et_pb_text][\/et_pb_column][\/et_pb_row][et_pb_row _builder_version=\u00bb3.0.106&#8243;][et_pb_column type=\u00bb1_3&#8243;][et_pb_image src=\u00bbhttp:\/\/activevision.com.mx\/wp-content\/uploads\/2018\/11\/Group-3-1.png\u00bb _builder_version=\u00bb3.0.106&#8243; \/][et_pb_text _builder_version=\u00bb3.0.106&#8243; text_font=\u00bbOpen Sans||||||||\u00bb text_font_size=\u00bb13pt\u00bb text_text_color=\u00bb#333333&#8243; header_font=\u00bb||||||||\u00bb header_2_font=\u00bbCabin|700|||||||\u00bb header_2_font_size=\u00bb24pt\u00bb header_2_text_color=\u00bb#0c0c0c\u00bb max_width=\u00bb700px\u00bb module_alignment=\u00bbcenter\u00bb]<\/p>\n<p>Se analiza y captura una imagen del ojo del paciente utilizando hasta 22,000 puntos de elevaci\u00f3n \u00fanicos de la c\u00f3rnea.<\/p>\n<p>[\/et_pb_text][et_pb_image _builder_version=\u00bb3.0.106&#8243; \/][\/et_pb_column][et_pb_column type=\u00bb1_3&#8243;][et_pb_image src=\u00bbhttp:\/\/activevision.com.mx\/wp-content\/uploads\/2018\/11\/Group-4.png\u00bb _builder_version=\u00bb3.0.106&#8243; \/][et_pb_text _builder_version=\u00bb3.0.106&#8243; text_font=\u00bbOpen Sans||||||||\u00bb text_font_size=\u00bb13pt\u00bb text_text_color=\u00bb#333333&#8243; header_font=\u00bb||||||||\u00bb header_2_font=\u00bbCabin|700|||||||\u00bb header_2_font_size=\u00bb24pt\u00bb header_2_text_color=\u00bb#0c0c0c\u00bb max_width=\u00bb700px\u00bb module_alignment=\u00bbcenter\u00bb]<\/p>\n<p>Estos datos se env\u00edan a la computadora de planificaci\u00f3n quir\u00fargica para crear un perfil de ablaci\u00f3n individualizado.<\/p>\n<p>[\/et_pb_text][\/et_pb_column][et_pb_column type=\u00bb1_3&#8243;][et_pb_image src=\u00bbhttp:\/\/activevision.com.mx\/wp-content\/uploads\/2018\/11\/5.png\u00bb _builder_version=\u00bb3.0.106&#8243; \/][et_pb_text _builder_version=\u00bb3.0.106&#8243; text_font=\u00bbOpen Sans||||||||\u00bb text_font_size=\u00bb13pt\u00bb text_text_color=\u00bb#333333&#8243; header_font=\u00bb||||||||\u00bb header_2_font=\u00bbCabin|700|||||||\u00bb header_2_font_size=\u00bb24pt\u00bb header_2_text_color=\u00bb#0c0c0c\u00bb max_width=\u00bb700px\u00bb module_alignment=\u00bbcenter\u00bb]<\/p>\n<p>Un l\u00e1ser de exc\u00edmeros ajusta autom\u00e1ticamente la colocaci\u00f3n del pulso del l\u00e1ser para tratar las aberraciones de la c\u00f3rnea del paciente con el tratamiento guiado por topograf\u00eda.<\/p>\n<p>[\/et_pb_text][\/et_pb_column][\/et_pb_row][\/et_pb_section][et_pb_section bb_built=\u00bb1&#8243; background_color=\u00bb#e8f6ff\u00bb inner_shadow=\u00bbon\u00bb _builder_version=\u00bb3.0.106&#8243; prev_background_color=\u00bb#ffffff\u00bb next_background_color=\u00bb#ffffff\u00bb][et_pb_row _builder_version=\u00bb3.0.106&#8243;][et_pb_column type=\u00bb4_4&#8243;][et_pb_text _builder_version=\u00bb3.0.106&#8243; text_font=\u00bbOpen Sans||||||||\u00bb text_font_size=\u00bb13pt\u00bb text_text_color=\u00bb#333333&#8243; header_font=\u00bb||||||||\u00bb header_2_font=\u00bbCabin|700|||||||\u00bb header_2_font_size=\u00bb24pt\u00bb header_2_text_color=\u00bb#0c0c0c\u00bb max_width=\u00bb700px\u00bb module_alignment=\u00bbcenter\u00bb]<\/p>\n<h2 style=\"text-align: center;\">V\u00eddeo sobre el procedimiento Contoura<span style=\"color: #ff6e14;\">.<\/span><\/h2>\n<p>[\/et_pb_text][et_pb_video src=\u00bbhttp:\/\/activevision.com.mx\/wp-content\/uploads\/2018\/11\/lh.mp4&#8243; _builder_version=\u00bb3.0.106&#8243; border_radii=\u00bbon|3px|3px|3px|3px\u00bb box_shadow_style=\u00bbpreset1&#8243; box_shadow_vertical=\u00bb7px\u00bb box_shadow_blur=\u00bb62px\u00bb box_shadow_color=\u00bbrgba(0,0,0,0.4)\u00bb \/][\/et_pb_column][\/et_pb_row][\/et_pb_section][et_pb_section bb_built=\u00bb1&#8243; _builder_version=\u00bb3.0.106&#8243; prev_background_color=\u00bb#e8f6ff\u00bb next_background_color=\u00bb#000000&#8243;][et_pb_row _builder_version=\u00bb3.0.106&#8243;][et_pb_column type=\u00bb4_4&#8243;][et_pb_text _builder_version=\u00bb3.0.106&#8243; text_font=\u00bbOpen Sans||||||||\u00bb text_font_size=\u00bb13pt\u00bb text_text_color=\u00bb#333333&#8243; header_font=\u00bb||||||||\u00bb header_2_font=\u00bbCabin|700|||||||\u00bb header_2_font_size=\u00bb24pt\u00bb header_2_text_color=\u00bb#0c0c0c\u00bb max_width=\u00bb700px\u00bb module_alignment=\u00bbcenter\u00bb]<\/p>\n<h2>Resultados<span style=\"color: #ff6e14;\">.<\/span><\/h2>\n<p>Con Contoura se ha demostrado reducciones significativas en algunos de los s\u00edntomas visuales asociados con el LASIK, como encandilamiento, sensibilidad a la luz, dificultad para manejar de noche y para leer.<\/p>\n<p>[\/et_pb_text][\/et_pb_column][\/et_pb_row][\/et_pb_section][et_pb_section bb_built=\u00bb1&#8243; custom_width_px=\u00bb1581px\u00bb make_equal=\u00bbon\u00bb use_custom_gutter=\u00bbon\u00bb gutter_width=\u00bb1&#8243; specialty=\u00bbon\u00bb _builder_version=\u00bb3.0.106&#8243; prev_background_color=\u00bb#000000&#8243;][et_pb_column type=\u00bb1_4&#8243;][\/et_pb_column][et_pb_column type=\u00bb1_2&#8243; specialty_columns=\u00bb2&#8243;][et_pb_row_inner _builder_version=\u00bb3.0.106&#8243;][et_pb_column_inner type=\u00bb4_4&#8243; saved_specialty_column_type=\u00bb1_2&#8243;][et_pb_text _builder_version=\u00bb3.0.106&#8243; text_font=\u00bb||||||||\u00bb header_font=\u00bb||||||||\u00bb header_4_font=\u00bbCabin|700|||||||\u00bb header_4_text_align=\u00bbcenter\u00bb header_4_font_size=\u00bb40px\u00bb header_4_font_size_tablet=\u00bb35px\u00bb header_4_font_size_phone=\u00bb24px\u00bb header_4_font_size_last_edited=\u00bbon|phone\u00bb header_4_text_color=\u00bb#0c0c0c\u00bb header_4_line_height=\u00bb1.4em\u00bb max_width=\u00bb50em\u00bb module_alignment=\u00bbcenter\u00bb custom_margin=\u00bb|||\u00bb custom_padding=\u00bb|||\u00bb]<\/p>\n<h4>Esto es acerca de ti y lo real<span style=\"color: #ff6e14;\">.<\/span><\/h4>\n<p>[\/et_pb_text][et_pb_text _builder_version=\u00bb3.0.106&#8243; text_font=\u00bbOpen Sans||||||||\u00bb text_font_size=\u00bb18px\u00bb text_font_size_tablet=\u00bb17px\u00bb text_font_size_phone=\u00bb16px\u00bb text_font_size_last_edited=\u00bbon|desktop\u00bb text_text_color=\u00bb#333333&#8243; text_line_height=\u00bb1.8rem\u00bb header_font=\u00bb||||||||\u00bb header_4_font=\u00bbCabin|700|||||||\u00bb header_4_text_align=\u00bbcenter\u00bb header_4_font_size=\u00bb84px\u00bb text_orientation=\u00bbcenter\u00bb max_width=\u00bb480px\u00bb module_alignment=\u00bbcenter\u00bb]<\/p>\n<p>S\u00e9 parte de este estilo de vida y aprovecha m\u00e1s cada experiencia visual.<\/p>\n<p>[\/et_pb_text][\/et_pb_column_inner][\/et_pb_row_inner][et_pb_row_inner use_custom_gutter=\u00bbon\u00bb gutter_width=\u00bb2&#8243; _builder_version=\u00bb3.0.106&#8243; custom_css_main_element=\u00bbdisplay: flex;||align-items: flex-end;\u00bb][et_pb_column_inner type=\u00bb1_2&#8243; saved_specialty_column_type=\u00bb1_2&#8243;][et_pb_button button_url=\u00bbhttp:\/\/activevision.com.mx\/index.php\/contacto\/\u00bb button_text=\u00bbReserva una consulta\u00bb button_alignment=\u00bbcenter\u00bb module_class=\u00bbbutton_hover\u00bb _builder_version=\u00bb3.0.106&#8243; custom_margin=\u00bb15px|||\u00bb custom_button=\u00bbon\u00bb button_text_size=\u00bb16pt\u00bb button_text_color=\u00bb#ffffff\u00bb button_bg_color=\u00bb#ff9730&#8243; button_border_width=\u00bb0px\u00bb button_font=\u00bbCabin|700|||||||\u00bb button_icon=\u00bb%%75%%\u00bb button_on_hover=\u00bboff\u00bb box_shadow_style=\u00bbpreset1&#8243; box_shadow_vertical=\u00bb7px\u00bb box_shadow_blur=\u00bb21px\u00bb box_shadow_color=\u00bbrgba(0,0,0,0.16)\u00bb \/][\/et_pb_column_inner][et_pb_column_inner type=\u00bb1_2&#8243; saved_specialty_column_type=\u00bb1_2&#8243;][et_pb_text disabled_on=\u00bboff|off|off\u00bb _builder_version=\u00bb3.0.106&#8243; text_font=\u00bbOpen Sans||||||||\u00bb text_font_size=\u00bb18px\u00bb text_font_size_phone=\u00bb19.5px\u00bb text_font_size_last_edited=\u00bbon|desktop\u00bb text_text_color=\u00bb#c9c9c9&#8243; text_line_height=\u00bb1.8rem\u00bb header_4_font=\u00bbCabin|700|||||||\u00bb header_4_text_align=\u00bbcenter\u00bb header_4_font_size=\u00bb84px\u00bb text_orientation=\u00bbcenter\u00bb max_width=\u00bb480px\u00bb module_alignment=\u00bbcenter\u00bb custom_margin=\u00bb|||\u00bb custom_margin_phone=\u00bb50px|||\u00bb custom_margin_last_edited=\u00bbon|phone\u00bb background_layout=\u00bblight\u00bb]<\/p>\n<p><a style=\"font-family: cabin; font-weight: bold; color: #333; text-decoration: underline;\" href=\"tel:55 1084 8510\"><i class=\"fas fa-mobile-alt\" style=\"padding-right: 15px;\"><\/i>M\u00e1s informaci\u00f3n<\/a><\/p>\n<p>[\/et_pb_text][\/et_pb_column_inner][\/et_pb_row_inner][\/et_pb_column][et_pb_column type=\u00bb1_4&#8243;][\/et_pb_column][\/et_pb_section]<\/p>\n","protected":false},"excerpt":{"rendered":"<p>[et_pb_section bb_built=\u00bb1&#8243; _builder_version=\u00bb3.0.106&#8243; use_background_color_gradient=\u00bbon\u00bb background_color_gradient_start=\u00bbrgba(16,19,56,0.67)\u00bb background_color_gradient_end=\u00bbrgba(0,41,68,0.82)\u00bb background_color_gradient_type=\u00bbradial\u00bb background_color_gradient_direction_radial=\u00bbtop\u00bb background_color_gradient_start_position=\u00bb69%\u00bb background_color_gradient_overlays_image=\u00bbon\u00bb background_image=\u00bbhttp:\/\/activevision.com.mx\/wp-content\/uploads\/2018\/08\/shutterstock_261237686-1.jpg\u00bb custom_padding=\u00bb152px|0px|199px|0px\u00bb bottom_divider_style=\u00bbcurve\u00bb bottom_divider_color=\u00bb#ffffff\u00bb bottom_divider_height=\u00bb140px\u00bb next_background_color=\u00bb#000000&#8243;][et_pb_row _builder_version=\u00bb3.0.106&#8243;][et_pb_column type=\u00bb4_4&#8243;][et_pb_text _builder_version=\u00bb3.0.106&#8243; text_font=\u00bbOpen Sans||||||||\u00bb text_font_size=\u00bb14pt\u00bb text_text_color=\u00bb#ffffff\u00bb header_font=\u00bb||||||||\u00bb header_2_font=\u00bbCabin|700|||||||\u00bb header_2_text_align=\u00bbcenter\u00bb header_2_font_size=\u00bb34pt\u00bb header_2_text_color=\u00bb#ffffff\u00bb max_width=\u00bb700px\u00bb module_alignment=\u00bbcenter\u00bb] Contoura Vision. Contoura Vision es un tratamiento Lasik, el primero en su tipo, guiado por topograf\u00eda para pacientes con miop\u00eda, hipermetrop\u00eda con o sin astigmatismo. [&hellip;]<\/p>\n","protected":false},"author":1,"featured_media":0,"parent":0,"menu_order":0,"comment_status":"closed","ping_status":"closed","template":"","meta":{"footnotes":""},"class_list":["post-3050","page","type-page","status-publish","hentry"],"_links":{"self":[{"href":"https:\/\/activevision.com.mx\/index.php\/wp-json\/wp\/v2\/pages\/3050","targetHints":{"allow":["GET"]}}],"collection":[{"href":"https:\/\/activevision.com.mx\/index.php\/wp-json\/wp\/v2\/pages"}],"about":[{"href":"https:\/\/activevision.com.mx\/index.php\/wp-json\/wp\/v2\/types\/page"}],"author":[{"embeddable":true,"href":"https:\/\/activevision.com.mx\/index.php\/wp-json\/wp\/v2\/users\/1"}],"replies":[{"embeddable":true,"href":"https:\/\/activevision.com.mx\/index.php\/wp-json\/wp\/v2\/comments?post=3050"}],"version-history":[{"count":24,"href":"https:\/\/activevision.com.mx\/index.php\/wp-json\/wp\/v2\/pages\/3050\/revisions"}],"predecessor-version":[{"id":4087,"href":"https:\/\/activevision.com.mx\/index.php\/wp-json\/wp\/v2\/pages\/3050\/revisions\/4087"}],"wp:attachment":[{"href":"https:\/\/activevision.com.mx\/index.php\/wp-json\/wp\/v2\/media?parent=3050"}],"curies":[{"name":"wp","href":"https:\/\/api.w.org\/{rel}","templated":true}]}}