{"id":2787,"date":"2018-10-03T17:16:11","date_gmt":"2018-10-03T17:16:11","guid":{"rendered":"http:\/\/activevision.com.mx\/?page_id=2787"},"modified":"2021-03-23T12:00:22","modified_gmt":"2021-03-23T18:00:22","slug":"semblance","status":"publish","type":"page","link":"https:\/\/activevision.com.mx\/index.php\/semblance\/","title":{"rendered":"About Us"},"content":{"rendered":"<p>[et_pb_section bb_built=\u00bb1&#8243; admin_label=\u00bbJoin Now Call to Action\u00bb _builder_version=\u00bb3.0.106&#8243; use_background_color_gradient=\u00bbon\u00bb background_color_gradient_start=\u00bb#074785&#8243; background_color_gradient_end=\u00bb#05fffa\u00bb background_color_gradient_direction=\u00bb45deg\u00bb background_color_gradient_start_position=\u00bb6%\u00bb custom_margin=\u00bb|||\u00bb custom_padding=\u00bb40px|0px|40px|0px\u00bb locked=\u00bboff\u00bb next_background_color=\u00bb#f8fdff\u00bb][et_pb_row _builder_version=\u00bb3.0.89&#8243;][et_pb_column type=\u00bb4_4&#8243;][et_pb_text background_layout=\u00bbdark\u00bb _builder_version=\u00bb3.0.106&#8243; text_font=\u00bbOpen Sans||||||||\u00bb text_font_size=\u00bb18px\u00bb text_text_color=\u00bbrgba(255,255,255,0.8)\u00bb text_line_height=\u00bb1.8em\u00bb header_font=\u00bbCabin|600|||||||\u00bb header_font_size=\u00bb48px\u00bb header_text_color=\u00bb#ffffff\u00bb header_line_height=\u00bb1.4em\u00bb header_3_font=\u00bbPoppins|600|||||||\u00bb header_3_font_size=\u00bb36px\u00bb header_3_line_height=\u00bb1.4em\u00bb max_width=\u00bb600px\u00bb module_alignment=\u00bbcenter\u00bb custom_margin=\u00bb|||\u00bb inline_fonts=\u00bbCabin\u00bb]<\/p>\n<h1 style=\"text-align: center;\">About Us.<\/h1>\n<p>[\/et_pb_text][\/et_pb_column][\/et_pb_row][\/et_pb_section][et_pb_section bb_built=\u00bb1&#8243; admin_label=\u00bbHero\u00bb background_color=\u00bb#f8fdff\u00bb _builder_version=\u00bb3.0.106&#8243; border_width_bottom=\u00bb1px\u00bb border_color_bottom=\u00bb#efefef\u00bb custom_margin=\u00bb|||\u00bb custom_padding=\u00bb100px||100px|\u00bb prev_background_color=\u00bb#ffffff\u00bb next_background_color=\u00bb#ffffff\u00bb][et_pb_row module_class=\u00bbdisplayCol\u00bb _builder_version=\u00bb3.0.106&#8243; custom_css_main_element=\u00bbdisplay: flex;||align-items: center;\u00bb][et_pb_column type=\u00bb1_2&#8243;][et_pb_text _builder_version=\u00bb3.0.106&#8243; text_font=\u00bbOpen Sans||||||||\u00bb text_text_color=\u00bb#011B33&#8243; header_font=\u00bbCabin||||||||\u00bb module_alignment=\u00bbleft\u00bb]<\/p>\n<p style=\"text-align: justify;\">Active Vision is a cutting-edge ophthalmological center with over 15 years of continuous service. Dr. Jacobo Najman is the founder and currently serves as head ophthalmologist.<\/p>\n<p>[\/et_pb_text][\/et_pb_column][et_pb_column type=\u00bb1_2&#8243;][et_pb_image src=\u00bbhttp:\/\/activevision.com.mx\/wp-content\/uploads\/2018\/07\/logo.min_.png\u00bb _builder_version=\u00bb3.0.106&#8243; \/][\/et_pb_column][\/et_pb_row][et_pb_row use_custom_gutter=\u00bbon\u00bb gutter_width=\u00bb4&#8243; custom_margin=\u00bb2.5%||2.5%|\u00bb padding_right_1=\u00bb5%\u00bb padding_left_1=\u00bb5%\u00bb module_class=\u00bbdisplayCol\u00bb _builder_version=\u00bb3.0.106&#8243; custom_css_main_element=\u00bbdisplay: flex;||align-items: center;\u00bb][et_pb_column type=\u00bb1_2&#8243;][et_pb_image src=\u00bbhttp:\/\/activevision.com.mx\/wp-content\/uploads\/2018\/07\/shutterstock_387392446.min_.jpg\u00bb _builder_version=\u00bb3.0.106&#8243; border_radii=\u00bbon|4px|4px|4px|4px\u00bb box_shadow_style=\u00bbpreset1&#8243; box_shadow_blur=\u00bb20px\u00bb box_shadow_spread=\u00bb2px\u00bb box_shadow_color=\u00bbrgba(12,12,12,0.09)\u00bb \/][\/et_pb_column][et_pb_column type=\u00bb1_2&#8243;][et_pb_text _builder_version=\u00bb3.0.106&#8243; text_font=\u00bbOpen Sans||||||||\u00bb text_text_color=\u00bb#011B33&#8243; header_font=\u00bbCabin||||||||\u00bb module_alignment=\u00bbleft\u00bb]<\/p>\n<p style=\"text-align: justify;\">Active Vision has an outstanding track record in the field of LASIK surgery having completed over 27,000 successful operations that have dramatically improved our patients\u2019 lives.<\/p>\n<p>[\/et_pb_text][\/et_pb_column][\/et_pb_row][et_pb_row use_custom_gutter=\u00bbon\u00bb gutter_width=\u00bb4&#8243; custom_margin=\u00bb2%||2%|\u00bb padding_right_1=\u00bb5%\u00bb padding_left_1=\u00bb5%\u00bb padding_1_tablet=\u00bb|0%||0%\u00bb padding_1_last_edited=\u00bbon|tablet\u00bb module_class=\u00bbdisplayCol\u00bb _builder_version=\u00bb3.0.106&#8243; custom_css_main_element=\u00bbdisplay: flex;||align-items: center;\u00bb][et_pb_column type=\u00bb1_2&#8243;][et_pb_text _builder_version=\u00bb3.0.106&#8243; text_font=\u00bbOpen Sans||||||||\u00bb text_text_color=\u00bb#011B33&#8243; header_font=\u00bbCabin||||||||\u00bb module_alignment=\u00bbleft\u00bb]<\/p>\n<p style=\"text-align: justify;\"><span>We recently opened up our operating facilities to offer phacoemulsification (cataract) procedures four years ago. In the short period of time since, we have operated on close to 500 eyes, giving our patients enhanced vision and an improved lifestyle.<br \/>\n<\/span><\/p>\n<p style=\"text-align: justify;\">Dr. Najman has also performed more than 500 cornea transplants, which have been of substantial benefit to his patients.<\/p>\n<p>[\/et_pb_text][\/et_pb_column][et_pb_column type=\u00bb1_2&#8243;][et_pb_image src=\u00bbhttp:\/\/activevision.com.mx\/wp-content\/uploads\/2018\/07\/shutterstock_1048748723.min_.jpg\u00bb _builder_version=\u00bb3.0.106&#8243; border_radii=\u00bbon|4px|4px|4px|4px\u00bb box_shadow_style=\u00bbpreset1&#8243; box_shadow_color=\u00bbrgba(94,94,94,0.26)\u00bb \/][\/et_pb_column][\/et_pb_row][et_pb_row use_custom_gutter=\u00bbon\u00bb gutter_width=\u00bb4&#8243; custom_padding=\u00bb27px|0px|0|0px\u00bb custom_margin=\u00bb2%||2%|\u00bb padding_right_1=\u00bb5%\u00bb padding_left_1=\u00bb5%\u00bb _builder_version=\u00bb3.0.106&#8243; custom_css_main_element=\u00bbdisplay: flex;||align-items: center;\u00bb][et_pb_column type=\u00bb4_4&#8243;][et_pb_image src=\u00bbhttps:\/\/activevision.com.mx\/wp-content\/uploads\/2021\/03\/IMG_0316-scaled.jpg\u00bb show_bottom_space=\u00bboff\u00bb align=\u00bbcenter\u00bb _builder_version=\u00bb3.0.106&#8243; border_radii=\u00bbon|4px|4px|4px|4px\u00bb custom_margin=\u00bb|||\u00bb box_shadow_style=\u00bbpreset1&#8243; show_in_lightbox=\u00bboff\u00bb url_new_window=\u00bboff\u00bb use_overlay=\u00bboff\u00bb always_center_on_mobile=\u00bbon\u00bb force_fullwidth=\u00bboff\u00bb \/][et_pb_text _builder_version=\u00bb3.0.106&#8243; header_font=\u00bbCabin||||||||\u00bb header_font_size_phone=\u00bb24px\u00bb header_font_size_last_edited=\u00bbon|phone\u00bb header_text_color=\u00bb#011B33&#8243; max_width=\u00bb57%\u00bb max_width_tablet=\u00bb97%\u00bb max_width_phone=\u00bb99%\u00bb max_width_last_edited=\u00bbon|tablet\u00bb module_alignment=\u00bbcenter\u00bb custom_margin=\u00bb7%|||\u00bb]<\/p>\n<h1 style=\"text-align: center;\">We have the technology, you make the decision<span style=\"color: #ff6e14;\">.<\/span><\/h1>\n<p>[\/et_pb_text][et_pb_text _builder_version=\u00bb3.0.106&#8243; text_font=\u00bbOpen Sans||||||||\u00bb text_text_color=\u00bb#011B33&#8243; header_font=\u00bbCabin||||||||\u00bb max_width=\u00bb31em\u00bb module_alignment=\u00bbcenter\u00bb custom_margin=\u00bb1.5%|||\u00bb]<\/p>\n<p style=\"text-align: center;\">This has all been made possible thanks to Dr. Najman\u2019s years of experience and dedication, the most advanced technology available and the newest procedures for vision enhancement.<\/p>\n<p>[\/et_pb_text][\/et_pb_column][\/et_pb_row][et_pb_row custom_padding=\u00bb0|0px|0|0px\u00bb _builder_version=\u00bb3.0.106&#8243;][et_pb_column type=\u00bb4_4&#8243;][et_pb_toggle title=\u00bbMore information about Dr. Najman\u00b4s\u00bb open_toggle_text_color=\u00bb#0c0c0c\u00bb open_toggle_background_color=\u00bb#ffffff\u00bb closed_toggle_background_color=\u00bb#00a1ff\u00bb icon_color=\u00bb#ffffff\u00bb _builder_version=\u00bb3.0.106&#8243; title_font=\u00bbCabin||||||||\u00bb title_text_align=\u00bbcenter\u00bb title_font_size=\u00bb16pt\u00bb title_text_color=\u00bb#ffffff\u00bb body_font=\u00bbOpen Sans||||||||\u00bb border_radii=\u00bbon|4px|4px|4px|4px\u00bb border_width_all=\u00bb0px\u00bb max_width=\u00bb480px\u00bb module_alignment=\u00bbcenter\u00bb custom_padding=\u00bb|42px||42px\u00bb box_shadow_style=\u00bbpreset2&#8243; box_shadow_horizontal=\u00bb0px\u00bb box_shadow_vertical=\u00bb18px\u00bb box_shadow_blur=\u00bb45px\u00bb box_shadow_color=\u00bbrgba(0,0,0,0.15)\u00bb custom_css_toggle_icon=\u00bbfont-size: 14pt;\u00bb]<\/p>\n<p><img loading=\"lazy\" decoding=\"async\" src=\"..\/..\/wp-content\/uploads\/2018\/07\/Dr.Jacobo-Najman.min_.jpg\" width=\"270\" height=\"270\" alt=\"\" class=\"wp-image-2289 alignnone size-full\" style=\"border-radius: 4px; box-shadow: 0px 1px 24px rgba(0, 0, 0, 0.1); display: block; margin-left: auto; margin-right: auto;\" srcset=\"https:\/\/activevision.com.mx\/wp-content\/uploads\/2018\/07\/Dr.Jacobo-Najman.min_.jpg 270w, https:\/\/activevision.com.mx\/wp-content\/uploads\/2018\/07\/Dr.Jacobo-Najman.min_-150x150.jpg 150w\" sizes=\"auto, (max-width: 270px) 100vw, 270px\" \/><\/p>\n<h4 style=\"text-align: center; font-size: 35px;\">Dr. Jacobo Najman<span style=\"color: #ff6e14;\">.<\/span><\/h4>\n<h6 style=\"text-align: center; font-size: 21px;\">CEO of <strong>Activision Center<span style=\"color: #ff6e14;\">.<\/span><\/strong><\/h6>\n<p style=\"text-align: justify;\">Dr. Najman earned his surgical degree from the Universidad Nacional Aut\u00f3noma de M\u00e9xico (UNAM) and completed his ophthalmological residence at the Asociaci\u00f3n para Evitar la Ceguera en M\u00e9xico. He also served as chief resident at that same institution, where he focused on his cornea subspecialty, external eye diseases and refractive surgery. He then went on to complement his training with an additional year pursuing his cornea subspecialty and refractive surgery at the highly prestigious Jules Stein Eye Institute at UCLA, where he also performed research on refractive surgery while honing his skills and building on his knowledge of the most advanced surgical techniques in that area of specialty.<\/p>\n<p style=\"text-align: justify;\">His primary medical and clinical interests are Laser-Assisted in situ Keratomileusis (LASIK), Refractive Surgery Quality Vision and Cornea Transplants.<\/p>\n<ul>\n<li>CEO of Active Vision Center.<\/li>\n<li>Affiliated with Hospital \u00c1ngeles de Interlomas.<\/li>\n<li>National and international speaker for a large number of ophthalmological laboratories.<\/li>\n<li>Author of the bullous keratopathy chapter in \u201cClinical Ophthalmological Manual\u201d<\/li>\n<\/ul>\n<p>[\/et_pb_toggle][\/et_pb_column][\/et_pb_row][\/et_pb_section][et_pb_section bb_built=\u00bb1&#8243; fullwidth=\u00bbon\u00bb _builder_version=\u00bb3.0.106&#8243; prev_background_color=\u00bb#f8fdff\u00bb][et_pb_fullwidth_code _builder_version=\u00bb3.0.106&#8243;]&lt;script&gt;&lt;!&#8211; [et_pb_line_break_holder] &#8211;&gt; let nav = {&lt;!&#8211; [et_pb_line_break_holder] &#8211;&gt; \thome: document.querySelector( &amp;#039;#menu-item-1500 &gt; a&amp;#039; ),&lt;!&#8211; [et_pb_line_break_holder] &#8211;&gt; \tpadecimientos: document.querySelector( &amp;#039;#menu-item-1501 &gt; a&amp;#039; ),&lt;!&#8211; [et_pb_line_break_holder] &#8211;&gt; \tprocedimientos: document.querySelector( &amp;#039;#menu-item-1976 &gt; a&amp;#039; ),&lt;!&#8211; [et_pb_line_break_holder] &#8211;&gt; \tclinica: document.querySelector( &amp;#039;#menu-item-1502 &gt; a&amp;#039; ),&lt;!&#8211; [et_pb_line_break_holder] &#8211;&gt; \t\/\/SUBMENU&#8212;&#8212;&#8212;&#8212;&#8212;&lt;!&#8211; [et_pb_line_break_holder] &#8211;&gt; \tsemblanza: document.querySelector( &amp;#039;#menu-item-1701 &gt; a&amp;#039; ),&lt;!&#8211; [et_pb_line_break_holder] &#8211;&gt; \tinstalaciones: document.querySelector( &amp;#039;#menu-item-1712 &gt; a&amp;#039; ),&lt;!&#8211; [et_pb_line_break_holder] &#8211;&gt; \t\/\/END SUBMENU&#8212;&#8212;&#8212;&#8212;&#8212;&lt;!&#8211; [et_pb_line_break_holder] &#8211;&gt; \ttestimonios: document.querySelector( &amp;#039;#menu-item-1503 &gt; a&amp;#039; ),&lt;!&#8211; [et_pb_line_break_holder] &#8211;&gt; \tmetodo_pago: document.querySelector( &amp;#039;#menu-item-1504 &gt; a&amp;#039; ),&lt;!&#8211; [et_pb_line_break_holder] &#8211;&gt; \t\/\/BLOG&lt;!&#8211; [et_pb_line_break_holder] &#8211;&gt; \tcontacto: document.querySelector( &amp;#039;#menu-item-1571 &gt; a&amp;#039; )&lt;!&#8211; [et_pb_line_break_holder] &#8211;&gt; };&lt;!&#8211; [et_pb_line_break_holder] &#8211;&gt; let m = {&lt;!&#8211; [et_pb_line_break_holder] &#8211;&gt; \tchange_text: function() {&lt;!&#8211; [et_pb_line_break_holder] &#8211;&gt; \t\tnav.home.innerHTML = &quot;HOME&quot;;&lt;!&#8211; [et_pb_line_break_holder] &#8211;&gt; \t\tnav.padecimientos.innerHTML = &quot;CONDITIONS WE TREAT&quot;;&lt;!&#8211; [et_pb_line_break_holder] &#8211;&gt; \t\tnav.procedimientos.innerHTML = &quot;PROCEDURES&quot;;&lt;!&#8211; [et_pb_line_break_holder] &#8211;&gt; \t\tnav.clinica.innerHTML = &quot;CLINIC&quot;;&lt;!&#8211; [et_pb_line_break_holder] &#8211;&gt; \t\t\/\/SUBMENU&#8212;&#8212;&#8212;&#8212;&#8212;&lt;!&#8211; [et_pb_line_break_holder] &#8211;&gt; \t\tnav.semblanza.innerHTML = &quot;ABOUT US&quot;;&lt;!&#8211; [et_pb_line_break_holder] &#8211;&gt; \t\t\/\/STAFF&lt;!&#8211; [et_pb_line_break_holder] &#8211;&gt; \t\tnav.instalaciones.innerHTML = &quot;OUR INSTALLATIONS&quot;;&lt;!&#8211; [et_pb_line_break_holder] &#8211;&gt; \t\t\/\/END SUBMENU&#8212;&#8212;&#8212;&#8212;&#8212;&lt;!&#8211; [et_pb_line_break_holder] &#8211;&gt; \t\tnav.testimonios.innerHTML = &quot;TESTIMONIES&quot;;&lt;!&#8211; [et_pb_line_break_holder] &#8211;&gt; \t\tnav.metodo_pago.innerHTML = &quot;METHODS OF PAYMENT&quot;;&lt;!&#8211; [et_pb_line_break_holder] &#8211;&gt; \t\tnav.contacto.innerHTML = &quot;CONTACT US&quot;;&lt;!&#8211; [et_pb_line_break_holder] &#8211;&gt; \t}&lt;!&#8211; [et_pb_line_break_holder] &#8211;&gt; }&lt;!&#8211; [et_pb_line_break_holder] &#8211;&gt; m.change_text();&lt;!&#8211; [et_pb_line_break_holder] &#8211;&gt;&lt;\/script&gt;[\/et_pb_fullwidth_code][\/et_pb_section]<\/p>\n","protected":false},"excerpt":{"rendered":"<p>[et_pb_section bb_built=\u00bb1&#8243; admin_label=\u00bbJoin Now Call to Action\u00bb _builder_version=\u00bb3.0.106&#8243; use_background_color_gradient=\u00bbon\u00bb background_color_gradient_start=\u00bb#074785&#8243; background_color_gradient_end=\u00bb#05fffa\u00bb background_color_gradient_direction=\u00bb45deg\u00bb background_color_gradient_start_position=\u00bb6%\u00bb custom_margin=\u00bb|||\u00bb custom_padding=\u00bb40px|0px|40px|0px\u00bb locked=\u00bboff\u00bb next_background_color=\u00bb#f8fdff\u00bb][et_pb_row _builder_version=\u00bb3.0.89&#8243;][et_pb_column type=\u00bb4_4&#8243;][et_pb_text background_layout=\u00bbdark\u00bb _builder_version=\u00bb3.0.106&#8243; text_font=\u00bbOpen Sans||||||||\u00bb text_font_size=\u00bb18px\u00bb text_text_color=\u00bbrgba(255,255,255,0.8)\u00bb text_line_height=\u00bb1.8em\u00bb header_font=\u00bbCabin|600|||||||\u00bb header_font_size=\u00bb48px\u00bb header_text_color=\u00bb#ffffff\u00bb header_line_height=\u00bb1.4em\u00bb header_3_font=\u00bbPoppins|600|||||||\u00bb header_3_font_size=\u00bb36px\u00bb header_3_line_height=\u00bb1.4em\u00bb max_width=\u00bb600px\u00bb module_alignment=\u00bbcenter\u00bb custom_margin=\u00bb|||\u00bb inline_fonts=\u00bbCabin\u00bb] About Us. [\/et_pb_text][\/et_pb_column][\/et_pb_row][\/et_pb_section][et_pb_section bb_built=\u00bb1&#8243; admin_label=\u00bbHero\u00bb background_color=\u00bb#f8fdff\u00bb _builder_version=\u00bb3.0.106&#8243; border_width_bottom=\u00bb1px\u00bb border_color_bottom=\u00bb#efefef\u00bb custom_margin=\u00bb|||\u00bb custom_padding=\u00bb100px||100px|\u00bb prev_background_color=\u00bb#ffffff\u00bb next_background_color=\u00bb#ffffff\u00bb][et_pb_row module_class=\u00bbdisplayCol\u00bb _builder_version=\u00bb3.0.106&#8243; custom_css_main_element=\u00bbdisplay: flex;||align-items: center;\u00bb][et_pb_column [&hellip;]<\/p>\n","protected":false},"author":1,"featured_media":0,"parent":0,"menu_order":0,"comment_status":"closed","ping_status":"closed","template":"","meta":{"footnotes":""},"class_list":["post-2787","page","type-page","status-publish","hentry"],"_links":{"self":[{"href":"https:\/\/activevision.com.mx\/index.php\/wp-json\/wp\/v2\/pages\/2787","targetHints":{"allow":["GET"]}}],"collection":[{"href":"https:\/\/activevision.com.mx\/index.php\/wp-json\/wp\/v2\/pages"}],"about":[{"href":"https:\/\/activevision.com.mx\/index.php\/wp-json\/wp\/v2\/types\/page"}],"author":[{"embeddable":true,"href":"https:\/\/activevision.com.mx\/index.php\/wp-json\/wp\/v2\/users\/1"}],"replies":[{"embeddable":true,"href":"https:\/\/activevision.com.mx\/index.php\/wp-json\/wp\/v2\/comments?post=2787"}],"version-history":[{"count":14,"href":"https:\/\/activevision.com.mx\/index.php\/wp-json\/wp\/v2\/pages\/2787\/revisions"}],"predecessor-version":[{"id":4144,"href":"https:\/\/activevision.com.mx\/index.php\/wp-json\/wp\/v2\/pages\/2787\/revisions\/4144"}],"wp:attachment":[{"href":"https:\/\/activevision.com.mx\/index.php\/wp-json\/wp\/v2\/media?parent=2787"}],"curies":[{"name":"wp","href":"https:\/\/api.w.org\/{rel}","templated":true}]}}