{"id":2676,"date":"2018-08-13T21:44:12","date_gmt":"2018-08-13T21:44:12","guid":{"rendered":"http:\/\/activevision.com.mx\/?page_id=2676"},"modified":"2021-02-11T16:22:45","modified_gmt":"2021-02-11T22:22:45","slug":"aviso-de-privacidad","status":"publish","type":"page","link":"https:\/\/activevision.com.mx\/index.php\/aviso-de-privacidad\/","title":{"rendered":"Aviso de privacidad"},"content":{"rendered":"<p>[et_pb_section bb_built=\u00bb1&#8243; background_color=\u00bb#fafafa\u00bb _builder_version=\u00bb3.0.106&#8243;][et_pb_row custom_padding=\u00bb27px|0px|0|0px\u00bb disabled_on=\u00bbon|on|on\u00bb _builder_version=\u00bb3.0.106&#8243; background_size=\u00bbinitial\u00bb background_position=\u00bbtop_left\u00bb background_repeat=\u00bbrepeat\u00bb][et_pb_column type=\u00bb4_4&#8243;][et_pb_text _builder_version=\u00bb3.0.106&#8243;]<\/p>\n<h1 style=\"text-align: center;\">Aviso de privacidad<span style=\"color: #ff6e14;\">.<\/span><\/h1>\n<p>[\/et_pb_text][et_pb_text _builder_version=\u00bb3.0.106&#8243; text_font=\u00bbOpen Sans||||||||\u00bb header_font=\u00bb||||||||\u00bb max_width=\u00bb45em\u00bb module_alignment=\u00bbcenter\u00bb]<\/p>\n<p style=\"text-align: justify;\">Active Vision Center, SC. Con domicilio en <strong>Paseo de las Palmas No.820, Col. Lomas de Chapultepec, Deleg. Miguel Hidalgo, M\u00e9xico, CDMX, C.P11000<\/strong>, es responsable del tratamiento de sus datos personales conforme a este aviso de privacidad, por lo que informa lo siguiente:<\/p>\n<p style=\"text-align: justify;\">Los <strong>datos personales<\/strong> en posesi\u00f3n de nuestra cl\u00ednica a trav\u00e9s de nuestro m\u00e9dico Dr. Jacobo Najman Vainer, ser\u00e1 utilizado para:<\/p>\n<ol>\n<li>Facturaci\u00f3n y cobranza por servicios.<\/li>\n<li>Prestaci\u00f3n de servicios m\u00e9dico-hospitalarios, incluyendo sin limitar, consultas, estudios diagn\u00f3sticos, cirug\u00eda y dem\u00e1s fines relacionados con servicios de la salud oft\u00e1lmica.<\/li>\n<li>Creaci\u00f3n, estudio, an\u00e1lisis, actualizaci\u00f3n y conservaci\u00f3n del expediente cl\u00ednico.<\/li>\n<li>Estudios, registros, estad\u00edsticas y an\u00e1lisis de informaci\u00f3n de salud.<\/li>\n<li>Conservaci\u00f3n de registros para seguimientos a servicios, prestaci\u00f3n de servicios en el futuro y en general para dar seguimiento a cualquier relaci\u00f3n contractual an\u00e1lisis estad\u00edsticos.<\/li>\n<li>An\u00e1lisis estad\u00edsticos.<\/li>\n<li>Comunicaci\u00f3n de informaci\u00f3n relevante y servicios.<\/li>\n<\/ol>\n<p style=\"text-align: justify;\"><strong>DATOS SENSIBLES:<\/strong><\/p>\n<p style=\"text-align: justify;\">El doctor recabar\u00e1 y tratar\u00e1 datos sensibles, relacionados con el estado de salud, antecedentes e historial cl\u00ednico, informaci\u00f3n sobre modo de vida y otros datos necesarios o convenientes para los fines arriba se\u00f1alados. Los datos personales sensibles ser\u00e1n mantenidos y tratados con estricta seguridad y confidencialidad para fines relacionados con la prestaci\u00f3n de servicios de salud y conforme a este aviso de privacidad y legislaci\u00f3n, reglamentos y normativa aplicable.<\/p>\n<p style=\"text-align: justify;\"><strong>TRANSFERENCIA:<\/strong><\/p>\n<p style=\"text-align: justify;\">Por la prestaci\u00f3n de servicios el m\u00e9dico puede transferir dentro y fuera del pa\u00eds, los datos personales en su posesi\u00f3n a otros m\u00e9dicos, hospitales, cl\u00ednicas, instituciones de estudios e investigaci\u00f3n, laboratorios, aseguradoras y terceros subcontratados para fines relacionados con los se\u00f1alados en este aviso de privacidad.<\/p>\n<p style=\"text-align: justify;\"><strong>LIMITACI\u00d3N DE USO Y DIVULGACI\u00d3N DE DATOS PERSONALES:<\/strong><\/p>\n<p style=\"text-align: justify;\">Para limitar el uso de sus datos personales, favor de enviar un correo electr\u00f3nico a <span><a href=\"mailto:info@activevision.com.mx\">info@activevision.com.mx<\/a><\/span> o notificaci\u00f3n por escrito al domicilio arriba se\u00f1alado.<\/p>\n<p style=\"text-align: justify;\"><strong>MEDIOS PARA EJERCER DERECHOS ARCO (acceso, rectificaci\u00f3n, cancelaci\u00f3n y oposici\u00f3n).<\/strong><\/p>\n<p style=\"text-align: justify;\">Para tener, acceder, rectificar, cancelar u oponerse al uso de sus datos personales favor de enviar un correo electr\u00f3nico a <span><a href=\"mailto:info@activevision.com.mx\">info@activevision.com.mx<\/a><\/span> o notificaci\u00f3n por escrito al domicilio arriba se\u00f1alado.<\/p>\n<p style=\"text-align: justify;\"><strong>MEDIOS PARA REVOCAR CONSENTIMIENTO:<\/strong><\/p>\n<p style=\"text-align: justify;\">En cualquier momento puede solicitar la revocaci\u00f3n del consentimiento otorgado para tratar sus datos personales enviando un correo electr\u00f3nico a info@activevision.com.mx o notificaci\u00f3n por escrito al domicilio arriba se\u00f1alado, en la que se detalle claramente los datos respecto de los que revoca su consentimiento.<\/p>\n<p style=\"text-align: justify;\"><strong>NOTIFICACI\u00d3N DE AMBIOS AL AVISO DE PRIVACIDAD:<\/strong><\/p>\n<p style=\"text-align: justify;\">Cualquier cambio en el aviso de privacidad ser\u00e1 notificado por ACTIVE VISION CENTER SC.<\/p>\n<p>[\/et_pb_text][\/et_pb_column][\/et_pb_row][et_pb_row custom_padding=\u00bb27px|0px|0|0px\u00bb _builder_version=\u00bb3.0.47&#8243; background_size=\u00bbinitial\u00bb background_position=\u00bbtop_left\u00bb background_repeat=\u00bbrepeat\u00bb][et_pb_column type=\u00bb4_4&#8243;][et_pb_text _builder_version=\u00bb3.0.106&#8243;]<\/p>\n<h1 style=\"text-align: center;\">Aviso de privacidad<span style=\"color: #ff6e14;\">.<\/span><\/h1>\n<p>[\/et_pb_text][et_pb_text _builder_version=\u00bb3.0.106&#8243; text_font=\u00bbOpen Sans||||||||\u00bb header_font=\u00bb||||||||\u00bb max_width=\u00bb45em\u00bb module_alignment=\u00bbcenter\u00bb]<\/p>\n<p class=\"p1\"><span class=\"s1\"><strong>ACTIVE VISION CENTER S.C.<\/strong>, mejor conocido como <strong>ACTIVE VISION<\/strong>, con domicilio en calle <strong>AVENIDA PASEO DE LAS PALMAS N\u00daMERO 820, COLONIA LOMAS DE CHAPULTEPEC, CIUDAD DE MEXICO, DELEGACION MIGUEL HIDALGO, C.P. 11000<\/strong>, en la entidad de Ciudad de M\u00e9xico, y portal de internet activevision.com.mx, es el responsable del uso y protecci\u00f3n de sus datos personales, y al respecto le informamos lo siguiente: <\/span><\/p>\n<p class=\"p1\"><span class=\"s1\"><strong>\u00bfPara qu\u00e9 fines utilizaremos sus datos personales?<\/strong> <\/span><\/p>\n<p class=\"p4\"><span class=\"s1\">Se recaban datos personales, que por sus caracter\u00edsticas se consideran sensibles, para los efectos mencionados en el presente Aviso de Privacidad.<\/span><\/p>\n<p class=\"p5\"><span class=\"s1\"><\/span><\/p>\n<p><strong><span class=\"s1\">\u00a0 \u00a0 \u00a0a) Sobre el Tratamiento de los datos personales de los pacientes.<\/span><\/strong><\/p>\n<p class=\"p4\"><span class=\"s1\">Estos datos personales ser\u00e1n tratados y resguardos con base en los principios de licitud, calidad, consentimiento, informaci\u00f3n, finalidad, lealtad, proporcionalidad y responsabilidad consagrados en la Ley Federal de Protecci\u00f3n de Datos Personales en Posesi\u00f3n de los particulares. Los datos personales proporcionados, ser\u00e1n resguardados bajo estrictas medidas de seguridad administrativas, t\u00e9cnicas y f\u00edsicas, las cuales han sido implementadas con el objeto de proteger sus datos personales contra da\u00f1o, p\u00e9rdida, alteraci\u00f3n, destrucci\u00f3n o el uso, acceso o tratamientos no autorizados.<\/span><\/p>\n<p class=\"p6\"><span class=\"s1\"><\/span><\/p>\n<p><strong><span class=\"s1\">\u00a0 \u00a0 \u00a0b) Finalidad en el Tratamiento de los datos personales.<\/span><\/strong><\/p>\n<p class=\"p4\"><span class=\"s1\">Se recopilan los datos personales, con el objeto de utilizarlos para los siguientes fines, por lo que <\/span><span style=\"text-decoration: underline;\"><span class=\"s2\">solicitamos su consentimiento<\/span><\/span><span class=\"s1\"> a trav\u00e9s del presente Aviso de Privacidad:<\/span><\/p>\n<p class=\"p4\"><span class=\"s1\">I.- Prestaci\u00f3n de servicios m\u00e9dicos, incluyendo sin limitar <\/span><\/p>\n<p class=\"p4\"><span class=\"s1\">a) consulta m\u00e9dica,<\/span><\/p>\n<p class=\"p4\"><span class=\"s1\"> b) tratamiento en hospitalizaci\u00f3n,<\/span><\/p>\n<p class=\"p4\"><span class=\"s1\"> c) estudios diagn\u00f3sticos,<\/span><\/p>\n<p class=\"p4\"><span class=\"s1\"> d) servicios de tratamiento y<\/span><\/p>\n<p class=\"p4\"><span class=\"s1\"> e) dem\u00e1s fines relacionados con servicios de salud<\/span><\/p>\n<p class=\"p4\"><span class=\"s1\">II.- Creaci\u00f3n, estudio, an\u00e1lisis, actualizaci\u00f3n y conservaci\u00f3n del expediente cl\u00ednico.<\/span><\/p>\n<p class=\"p4\"><span class=\"s1\">III.- Facturaci\u00f3n y cobranza de los servicios prestados.<\/span><\/p>\n<p class=\"p4\"><span class=\"s1\">IV.- Estudios, registros, estad\u00edsticas y an\u00e1lisis de informaci\u00f3n en salud.<\/span><\/p>\n<p class=\"p4\"><span class=\"s1\">V.- An\u00e1lisis estad\u00edstico y de mercado.<\/span><\/p>\n<p class=\"p4\"><span class=\"s1\">VI.- Seguimiento a los servicios prestados, prestaci\u00f3n de servicios futuros, comunicaci\u00f3n de informaci\u00f3n relevante y servicios ofertados.<\/span><\/p>\n<p class=\"p1\"><span class=\"s1\">VII.- Para estudio epidemiol\u00f3gico, an\u00e1lisis, estad\u00edstica, registro o cualquier otro fin que las autoridades competentes requieran.<\/span><\/p>\n<p><strong><span class=\"s1\">\u00a0 \u00a0 \u00a0c) Transferencia.<\/span><\/strong><\/p>\n<p class=\"p1\"><span class=\"s1\">El responsable podr\u00e1 transferir, dentro y fuera del pa\u00eds, los datos personales en su posesi\u00f3n; a otros profesionales, autoridades e Instituciones para cumplir con los fines se\u00f1alados en el inciso anterior.<\/span><\/p>\n<p><strong><span class=\"s1\">\u00a0 \u00a0 \u00a0d) Medios para limitar el uso o divulgaci\u00f3n de los datos personales.<\/span><\/strong><\/p>\n<p class=\"p1\"><span class=\"s1\">Para la limitaci\u00f3n en el uso de los datos personales proporcionados, favor de hacerlo saber por escrito, f\u00edsico o electr\u00f3nico, al domicilio o correo electr\u00f3nico:<\/span><span class=\"s2\"> m.suverza@activevision.com.mx<\/span><\/p>\n<p class=\"p2\"><span class=\"s1\"><\/span><\/p>\n<p><strong><span class=\"s1\">\u00a0 \u00a0 \u00a0e) Medios para ejercer los derechos de acceso, rectificaci\u00f3n, cancelaci\u00f3n u oposici\u00f3n ( derecho ARCO)<\/span><\/strong><\/p>\n<p class=\"p1\"><span class=\"s1\">Para hacer valer los derechos de acceso, rectificaci\u00f3n, cancelaci\u00f3n u oposici\u00f3n de los datos personales proporcionados, favor de hacerlo saber por escrito, f\u00edsico o electr\u00f3nico, al domicilio o correo electr\u00f3nico <\/span><span class=\"s2\">m.suverza@activevision.com.mx y cirugia@activevision.com.mx.<\/span><\/p>\n<p class=\"p2\"><span class=\"s1\"><\/span><\/p>\n<p><strong><span class=\"s1\">\u00a0 \u00a0 \u00a0f) Notificaci\u00f3n de cambios al aviso de privacidad.<\/span><\/strong><\/p>\n<p class=\"p1\"><span class=\"s1\">El presente aviso de privacidad puede sufrir modificaciones, cambios o actualizaciones derivadas de nuevos requerimientos legales; de nuestras propias necesidades por los productos o servicios que ofrecemos; de nuestras pr\u00e1cticas de privacidad; de cambios en nuestro modelo de negocio, o por otras causas. Cualquier cambio al presente aviso de privacidad ser\u00e1 notificado por el responsable, por los medios f\u00edsicos o electr\u00f3nicos pertinentes.<\/span><\/p>\n<p class=\"p1\"><span class=\"s1\"><\/span><\/p>\n<p>[\/et_pb_text][\/et_pb_column][\/et_pb_row][et_pb_row custom_padding=\u00bb|||\u00bb custom_margin=\u00bb50px||14px|\u00bb make_equal=\u00bbon\u00bb _builder_version=\u00bb3.0.106&#8243;][et_pb_column type=\u00bb4_4&#8243;][et_pb_blurb title=\u00bbACTIVE VISION CENTER SC.\u00bb url=\u00bbhttps:\/\/goo.gl\/maps\/oxPatc7mWjM2&#8243; url_new_window=\u00bbon\u00bb use_icon=\u00bbon\u00bb font_icon=\u00bb%%122%%\u00bb icon_color=\u00bb#ff6e14&#8243; icon_placement=\u00bbleft\u00bb _builder_version=\u00bb3.0.106&#8243; header_font=\u00bb||||||||\u00bb body_font=\u00bbOpen Sans||||||||\u00bb custom_margin=\u00bb||24px|\u00bb animation=\u00bboff\u00bb]<\/p>\n<p><a href=\"https:\/\/goo.gl\/maps\/oxPatc7mWjM2\" target=\"_blank\" rel=\"noopener noreferrer\" style=\"color: black; text-decoration-line: underline;\">Paseo de las Palmas No. 820 Col. Lomas de Chapultepec Delg. Miguel Hidalgo<\/a><\/p>\n<p>[\/et_pb_blurb][et_pb_blurb title=\u00bbTel: 55 1084 8510&#8243; url=\u00bbtel:5510848510&#8243; use_icon=\u00bbon\u00bb font_icon=\u00bb%%104%%\u00bb icon_color=\u00bb#ff6e14&#8243; icon_placement=\u00bbleft\u00bb _builder_version=\u00bb3.0.106&#8243; header_font=\u00bb||||on||||\u00bb body_font=\u00bbOpen Sans||||||||\u00bb module_alignment=\u00bbcenter\u00bb animation=\u00bboff\u00bb url_new_window=\u00bboff\u00bb use_circle=\u00bboff\u00bb use_circle_border=\u00bboff\u00bb use_icon_font_size=\u00bboff\u00bb background_layout=\u00bblight\u00bb \/][\/et_pb_column][\/et_pb_row][\/et_pb_section]<\/p>\n","protected":false},"excerpt":{"rendered":"<p>[et_pb_section bb_built=\u00bb1&#8243; background_color=\u00bb#fafafa\u00bb _builder_version=\u00bb3.0.106&#8243;][et_pb_row custom_padding=\u00bb27px|0px|0|0px\u00bb disabled_on=\u00bbon|on|on\u00bb _builder_version=\u00bb3.0.106&#8243; background_size=\u00bbinitial\u00bb background_position=\u00bbtop_left\u00bb background_repeat=\u00bbrepeat\u00bb][et_pb_column type=\u00bb4_4&#8243;][et_pb_text _builder_version=\u00bb3.0.106&#8243;] Aviso de privacidad. [\/et_pb_text][et_pb_text _builder_version=\u00bb3.0.106&#8243; text_font=\u00bbOpen Sans||||||||\u00bb header_font=\u00bb||||||||\u00bb max_width=\u00bb45em\u00bb module_alignment=\u00bbcenter\u00bb] Active Vision Center, SC. Con domicilio en Paseo de las Palmas No.820, Col. Lomas de Chapultepec, Deleg. Miguel Hidalgo, M\u00e9xico, CDMX, C.P11000, es responsable del tratamiento de sus datos personales conforme a este [&hellip;]<\/p>\n","protected":false},"author":1,"featured_media":0,"parent":0,"menu_order":0,"comment_status":"closed","ping_status":"closed","template":"","meta":{"footnotes":""},"class_list":["post-2676","page","type-page","status-publish","hentry"],"_links":{"self":[{"href":"https:\/\/activevision.com.mx\/index.php\/wp-json\/wp\/v2\/pages\/2676","targetHints":{"allow":["GET"]}}],"collection":[{"href":"https:\/\/activevision.com.mx\/index.php\/wp-json\/wp\/v2\/pages"}],"about":[{"href":"https:\/\/activevision.com.mx\/index.php\/wp-json\/wp\/v2\/types\/page"}],"author":[{"embeddable":true,"href":"https:\/\/activevision.com.mx\/index.php\/wp-json\/wp\/v2\/users\/1"}],"replies":[{"embeddable":true,"href":"https:\/\/activevision.com.mx\/index.php\/wp-json\/wp\/v2\/comments?post=2676"}],"version-history":[{"count":12,"href":"https:\/\/activevision.com.mx\/index.php\/wp-json\/wp\/v2\/pages\/2676\/revisions"}],"predecessor-version":[{"id":4088,"href":"https:\/\/activevision.com.mx\/index.php\/wp-json\/wp\/v2\/pages\/2676\/revisions\/4088"}],"wp:attachment":[{"href":"https:\/\/activevision.com.mx\/index.php\/wp-json\/wp\/v2\/media?parent=2676"}],"curies":[{"name":"wp","href":"https:\/\/api.w.org\/{rel}","templated":true}]}}