{"id":1566,"date":"2018-06-19T23:03:36","date_gmt":"2018-06-19T23:03:36","guid":{"rendered":"http:\/\/activevision.com.mx\/?page_id=1566"},"modified":"2021-02-11T16:05:57","modified_gmt":"2021-02-11T22:05:57","slug":"contacto","status":"publish","type":"page","link":"https:\/\/activevision.com.mx\/index.php\/contacto\/","title":{"rendered":"Contacto"},"content":{"rendered":"<p>[et_pb_section bb_built=\u00bb1&#8243; fullwidth=\u00bbon\u00bb _builder_version=\u00bb3.0.106&#8243; next_background_color=\u00bb#fafbfc\u00bb][et_pb_fullwidth_code _builder_version=\u00bb3.0.106&#8243;]&lt;iframe src=&quot;https:\/\/www.google.com\/maps\/embed?pb=!1m14!1m8!1m3!1d3093.4966374370165!2d-99.217140684226!3d19.428736707415794!3m2!1i1024!2i768!4f13.1!3m3!1m2!1s0x0%3A0x1444bf040c7ec1b0!2sactive+vision+center!5e0!3m2!1ses-419!2smx!4v1529449027489&quot; width=&quot;2560&quot; height=&quot;600&quot; frameborder=&quot;0&quot; style=&quot;border:0&quot; allowfullscreen&gt;&lt;\/iframe&gt;[\/et_pb_fullwidth_code][\/et_pb_section][et_pb_section bb_built=\u00bb1&#8243; admin_label=\u00bbContact Info Section\u00bb background_color=\u00bb#fafbfc\u00bb _builder_version=\u00bb3.0.83&#8243; custom_padding=\u00bb110px|0px|110px|0px\u00bb prev_background_color=\u00bb#ffffff\u00bb][et_pb_row make_fullwidth=\u00bbon\u00bb custom_padding=\u00bb|||\u00bb make_equal=\u00bbon\u00bb background_color_1=\u00bb#ffffff\u00bb background_color_2=\u00bb#ffffff\u00bb background_color_3=\u00bb#ffffff\u00bb module_id=\u00bbcardsInfo\u00bb _builder_version=\u00bb3.0.106&#8243; custom_css_main_element=\u00bbdisplay: flex;||align-items: center;\u00bb][et_pb_column type=\u00bb1_3&#8243;][et_pb_blurb title=\u00bbLl\u00e1manos para m\u00e1s informaci\u00f3n.\u00bb url=\u00bbtel:5510848510&#8243; use_icon=\u00bbon\u00bb font_icon=\u00bb%%264%%\u00bb icon_color=\u00bb#6da2ff\u00bb icon_placement=\u00bbleft\u00bb use_icon_font_size=\u00bbon\u00bb icon_font_size=\u00bb21pt\u00bb _builder_version=\u00bb3.0.106&#8243; header_font=\u00bbPoppins|500|||||||\u00bb header_text_color=\u00bb#486066&#8243; header_line_height=\u00bb1.4em\u00bb body_font=\u00bbOpen Sans||||||||\u00bb body_font_size=\u00bb17px\u00bb body_text_color=\u00bb#959ca5&#8243; body_line_height=\u00bb1.8em\u00bb background_color=\u00bbrgba(255,255,255,0)\u00bb border_radii=\u00bbon|6px|6px|6px|6px\u00bb custom_margin=\u00bb|||\u00bb custom_padding=\u00bb30px|20px|30px|20px\u00bb animation_style=\u00bbfade\u00bb animation=\u00bboff\u00bb box_shadow_style=\u00bbpreset1&#8243; box_shadow_vertical=\u00bb10px\u00bb box_shadow_blur=\u00bb24px\u00bb box_shadow_spread=\u00bb6px\u00bb box_shadow_color=\u00bbrgba(0,0,0,0.06)\u00bb custom_css_main_element=\u00bbheight: 190px;\u00bb url_new_window=\u00bboff\u00bb use_circle=\u00bboff\u00bb use_circle_border=\u00bboff\u00bb background_layout=\u00bblight\u00bb]<\/p>\n<p>Tel\u00e9fono: <a href=\"tel:5510848510\" style=\"font-weight: bolder; text-decoration: underline;\">551084 8510<\/a><\/p>\n<p>[\/et_pb_blurb][\/et_pb_column][et_pb_column type=\u00bb1_3&#8243;][et_pb_blurb title=\u00bbDirecci\u00f3n\u00bb use_icon=\u00bbon\u00bb font_icon=\u00bb%%249%%\u00bb icon_color=\u00bb#6da2ff\u00bb icon_placement=\u00bbleft\u00bb use_icon_font_size=\u00bbon\u00bb icon_font_size=\u00bb32px\u00bb _builder_version=\u00bb3.0.106&#8243; header_font=\u00bbPoppins|500|||||||\u00bb header_text_color=\u00bb#486066&#8243; header_line_height=\u00bb1.4em\u00bb body_font=\u00bbOpen Sans||||||||\u00bb body_font_size=\u00bb17px\u00bb body_text_color=\u00bb#959ca5&#8243; body_line_height=\u00bb1.8em\u00bb background_color=\u00bbrgba(255,255,255,0)\u00bb border_radii=\u00bbon|6px|6px|6px|6px\u00bb custom_margin=\u00bb|||\u00bb custom_padding=\u00bb30px|20px|30px|20px\u00bb animation_style=\u00bbfade\u00bb animation_delay=\u00bb100ms\u00bb animation=\u00bboff\u00bb box_shadow_style=\u00bbpreset1&#8243; box_shadow_vertical=\u00bb10px\u00bb box_shadow_blur=\u00bb24px\u00bb box_shadow_spread=\u00bb6px\u00bb box_shadow_color=\u00bbrgba(0,0,0,0.06)\u00bb custom_css_main_element=\u00bbheight: 190px;\u00bb]<\/p>\n<p>Paseo de las Palmas 820, Lomas de Chapultepec. Miguel Hidalgo, C.P 11000, Ciudad de M\u00e9xico.<\/p>\n<p>[\/et_pb_blurb][\/et_pb_column][et_pb_column type=\u00bb1_3&#8243;][et_pb_blurb title=\u00bbHorarios\u00bb use_icon=\u00bbon\u00bb font_icon=\u00bb%%227%%\u00bb icon_color=\u00bb#6da2ff\u00bb icon_placement=\u00bbleft\u00bb use_icon_font_size=\u00bbon\u00bb icon_font_size=\u00bb21pt\u00bb _builder_version=\u00bb3.0.106&#8243; header_font=\u00bbPoppins|500|||||||\u00bb header_text_color=\u00bb#486066&#8243; header_line_height=\u00bb1.4em\u00bb body_font=\u00bbOpen Sans||||||||\u00bb body_font_size=\u00bb17px\u00bb body_text_color=\u00bb#959ca5&#8243; body_line_height=\u00bb1.8em\u00bb background_color=\u00bbrgba(193,193,193,0)\u00bb border_radii=\u00bbon|6px|6px|6px|6px\u00bb custom_margin=\u00bb|||\u00bb custom_padding=\u00bb30px|20px|30px|20px\u00bb animation_style=\u00bbfade\u00bb animation_delay=\u00bb200ms\u00bb animation=\u00bboff\u00bb box_shadow_style=\u00bbpreset1&#8243; box_shadow_vertical=\u00bb10px\u00bb box_shadow_blur=\u00bb24px\u00bb box_shadow_spread=\u00bb6px\u00bb box_shadow_color=\u00bbrgba(0,0,0,0.06)\u00bb custom_css_main_element=\u00bbheight: 190px;\u00bb url_new_window=\u00bboff\u00bb use_circle=\u00bboff\u00bb use_circle_border=\u00bboff\u00bb background_layout=\u00bblight\u00bb]<\/p>\n<div>\nLunes a Viernes: 10 am &#8211; 18:30 pm<br \/>\nS\u00e1bados: 10:00 am &#8211; 12:00pm<br \/>\nDomingo: Cerrado\n<\/div>\n<p>[\/et_pb_blurb][\/et_pb_column][\/et_pb_row][et_pb_row _builder_version=\u00bb3.0.83&#8243;][et_pb_column type=\u00bb4_4&#8243;][et_pb_divider color=\u00bb#dfedf0&#8243; show_divider=\u00bbon\u00bb divider_weight=\u00bb1px\u00bb _builder_version=\u00bb3.0.106&#8243; custom_margin=\u00bb||100px|\u00bb \/][et_pb_text _builder_version=\u00bb3.0.106&#8243; text_font=\u00bb||||||||\u00bb header_font=\u00bb||||||||\u00bb header_3_font=\u00bbPoppins|600|||||||\u00bb header_3_font_size=\u00bb36px\u00bb header_3_text_color=\u00bb#011B33&#8243; header_3_line_height=\u00bb1.4em\u00bb text_orientation=\u00bbcenter\u00bb locked=\u00bboff\u00bb]<\/p>\n<h3>Cont\u00e1ctanos.<\/h3>\n<p>[\/et_pb_text][et_pb_text _builder_version=\u00bb3.0.106&#8243; text_font=\u00bbOpen Sans||||||||\u00bb text_font_size=\u00bb17px\u00bb text_text_color=\u00bb#486066&#8243; text_line_height=\u00bb1.8em\u00bb header_font=\u00bb||||||||\u00bb text_orientation=\u00bbcenter\u00bb max_width=\u00bb700px\u00bb module_alignment=\u00bbcenter\u00bb]<\/p>\n<p>Si deseas aclarar dudas, solicitar una cita o conocer nuestras instalaciones. Puedes enviar un correo electr\u00f3nico o marcar a nuestras oficinas. Ser\u00e1 un placer atenderte.<\/p>\n<p>[\/et_pb_text][\/et_pb_column][\/et_pb_row][et_pb_row _builder_version=\u00bb3.0.89&#8243;][et_pb_column type=\u00bb4_4&#8243;][et_pb_contact_form captcha=\u00bboff\u00bb email=\u00bbinfo@activevision.com.mx, sergio@ike.com.mx, roberto@ike.com.mx, alejandro.garcia@imanagencia.com.mx\u00bb custom_message=\u00bbHola, Active Vision. Ha llegado un nuevo correo, a continuaci\u00f3n te damos a saber estos datos:||et_pb_line_break_holder||||et_pb_line_break_holder||||et_pb_line_break_holder||Su nombre es: %%Name%%||et_pb_line_break_holder||Su correo es:  %%Email%%||et_pb_line_break_holder||Su telefono es: %%phone%%||et_pb_line_break_holder||Su mensaje es: %%Message%%||et_pb_line_break_holder||\u00bb success_message=\u00bbGracias por tu inter\u00e9s en nuestros servicios. A la brevedad nos pondremos en contacto contigo.\u00bb submit_button_text=\u00bbEnviar\u00bb module_id=\u00bbet_pb_contact_form_0&#8243; _builder_version=\u00bb3.0.106&#8243; form_field_font=\u00bbPoppins||||||||\u00bb form_field_font_size=\u00bb14px\u00bb border_radii=\u00bbon|6px|6px|6px|6px\u00bb custom_margin=\u00bb|||\u00bb custom_padding=\u00bb|||\u00bb custom_button=\u00bbon\u00bb button_text_size=\u00bb14px\u00bb button_text_color=\u00bb#ffffff\u00bb button_bg_color=\u00bb#1bb3eb\u00bb button_border_width=\u00bb10px\u00bb button_border_color=\u00bb#1bb3eb\u00bb button_border_radius=\u00bb100px\u00bb button_font=\u00bbPoppins|600||on|||||\u00bb button_use_icon=\u00bboff\u00bb box_shadow_style_button=\u00bbpreset3&#8243; box_shadow_color_button=\u00bbrgba(12,113,195,0.41)\u00bb box_shadow_style=\u00bbpreset1&#8243; box_shadow_vertical=\u00bb10px\u00bb box_shadow_blur=\u00bb24px\u00bb box_shadow_spread=\u00bb6px\u00bb box_shadow_color=\u00bbrgba(0,0,0,0.06)\u00bb][et_pb_contact_field field_id=\u00bbName\u00bb field_title=\u00bbNombre\u00bb field_background_color=\u00bb#ffffff\u00bb _builder_version=\u00bb3.0.106&#8243; form_field_font=\u00bb|500|||||||\u00bb border_radii=\u00bbon||||\u00bb][\/et_pb_contact_field][et_pb_contact_field field_id=\u00bbphone\u00bb field_title=\u00bbTel\u00e9fono\u00bb field_background_color=\u00bb#ffffff\u00bb _builder_version=\u00bb3.0.106&#8243; form_field_font=\u00bb|500|||||||\u00bb border_radii=\u00bbon||||\u00bb][\/et_pb_contact_field][et_pb_contact_field field_id=\u00bbEmail\u00bb field_title=\u00bbCorreo electr\u00f3nico\u00bb field_type=\u00bbemail\u00bb fullwidth_field=\u00bbon\u00bb field_background_color=\u00bb#ffffff\u00bb _builder_version=\u00bb3.0.106&#8243; form_field_font=\u00bb|500|||||||\u00bb border_radii=\u00bbon||||\u00bb][\/et_pb_contact_field][et_pb_contact_field field_id=\u00bbMessage\u00bb field_title=\u00bbEscribe aqu\u00ed tu mensaje, nos tomaremos el debido tiempo para leerlo.\u00bb field_type=\u00bbtext\u00bb fullwidth_field=\u00bbon\u00bb field_background_color=\u00bb#ffffff\u00bb _builder_version=\u00bb3.0.106&#8243; form_field_font=\u00bb|500|||||||\u00bb border_radii=\u00bbon||||\u00bb][\/et_pb_contact_field][\/et_pb_contact_form][\/et_pb_column][\/et_pb_row][\/et_pb_section]<\/p>\n","protected":false},"excerpt":{"rendered":"<p>[et_pb_section bb_built=\u00bb1&#8243; fullwidth=\u00bbon\u00bb _builder_version=\u00bb3.0.106&#8243; next_background_color=\u00bb#fafbfc\u00bb][et_pb_fullwidth_code _builder_version=\u00bb3.0.106&#8243;]&lt;iframe src=&quot;https:\/\/www.google.com\/maps\/embed?pb=!1m14!1m8!1m3!1d3093.4966374370165!2d-99.217140684226!3d19.428736707415794!3m2!1i1024!2i768!4f13.1!3m3!1m2!1s0x0%3A0x1444bf040c7ec1b0!2sactive+vision+center!5e0!3m2!1ses-419!2smx!4v1529449027489&quot; width=&quot;2560&quot; height=&quot;600&quot; frameborder=&quot;0&quot; style=&quot;border:0&quot; allowfullscreen&gt;&lt;\/iframe&gt;[\/et_pb_fullwidth_code][\/et_pb_section][et_pb_section bb_built=\u00bb1&#8243; admin_label=\u00bbContact Info Section\u00bb background_color=\u00bb#fafbfc\u00bb _builder_version=\u00bb3.0.83&#8243; custom_padding=\u00bb110px|0px|110px|0px\u00bb prev_background_color=\u00bb#ffffff\u00bb][et_pb_row make_fullwidth=\u00bbon\u00bb custom_padding=\u00bb|||\u00bb make_equal=\u00bbon\u00bb background_color_1=\u00bb#ffffff\u00bb background_color_2=\u00bb#ffffff\u00bb background_color_3=\u00bb#ffffff\u00bb module_id=\u00bbcardsInfo\u00bb _builder_version=\u00bb3.0.106&#8243; custom_css_main_element=\u00bbdisplay: flex;||align-items: center;\u00bb][et_pb_column type=\u00bb1_3&#8243;][et_pb_blurb title=\u00bbLl\u00e1manos para m\u00e1s informaci\u00f3n.\u00bb url=\u00bbtel:5510848510&#8243; use_icon=\u00bbon\u00bb font_icon=\u00bb%%264%%\u00bb icon_color=\u00bb#6da2ff\u00bb icon_placement=\u00bbleft\u00bb use_icon_font_size=\u00bbon\u00bb icon_font_size=\u00bb21pt\u00bb _builder_version=\u00bb3.0.106&#8243; header_font=\u00bbPoppins|500|||||||\u00bb header_text_color=\u00bb#486066&#8243; header_line_height=\u00bb1.4em\u00bb body_font=\u00bbOpen Sans||||||||\u00bb body_font_size=\u00bb17px\u00bb body_text_color=\u00bb#959ca5&#8243; body_line_height=\u00bb1.8em\u00bb background_color=\u00bbrgba(255,255,255,0)\u00bb border_radii=\u00bbon|6px|6px|6px|6px\u00bb custom_margin=\u00bb|||\u00bb [&hellip;]<\/p>\n","protected":false},"author":1,"featured_media":0,"parent":0,"menu_order":0,"comment_status":"closed","ping_status":"closed","template":"","meta":{"footnotes":""},"class_list":["post-1566","page","type-page","status-publish","hentry"],"_links":{"self":[{"href":"https:\/\/activevision.com.mx\/index.php\/wp-json\/wp\/v2\/pages\/1566","targetHints":{"allow":["GET"]}}],"collection":[{"href":"https:\/\/activevision.com.mx\/index.php\/wp-json\/wp\/v2\/pages"}],"about":[{"href":"https:\/\/activevision.com.mx\/index.php\/wp-json\/wp\/v2\/types\/page"}],"author":[{"embeddable":true,"href":"https:\/\/activevision.com.mx\/index.php\/wp-json\/wp\/v2\/users\/1"}],"replies":[{"embeddable":true,"href":"https:\/\/activevision.com.mx\/index.php\/wp-json\/wp\/v2\/comments?post=1566"}],"version-history":[{"count":30,"href":"https:\/\/activevision.com.mx\/index.php\/wp-json\/wp\/v2\/pages\/1566\/revisions"}],"predecessor-version":[{"id":4085,"href":"https:\/\/activevision.com.mx\/index.php\/wp-json\/wp\/v2\/pages\/1566\/revisions\/4085"}],"wp:attachment":[{"href":"https:\/\/activevision.com.mx\/index.php\/wp-json\/wp\/v2\/media?parent=1566"}],"curies":[{"name":"wp","href":"https:\/\/api.w.org\/{rel}","templated":true}]}}